{"id":102,"date":"2016-09-12T20:47:17","date_gmt":"2016-09-12T19:47:17","guid":{"rendered":"http:\/\/cvf-volleyball.fr\/?page_id=102"},"modified":"2020-09-08T19:22:25","modified_gmt":"2020-09-08T18:22:25","slug":"m9","status":"publish","type":"page","link":"https:\/\/cvf-volleyball.fr\/index.php\/les-equipes\/m9\/","title":{"rendered":"M7\/M9(\/M11) Pitchouns"},"content":{"rendered":"<h2><span style=\"color: #0000ff;\"><strong>M7\/M9 Pitchouns (+ M11 d\u00e9butants)<br \/>\n<\/strong><\/span><\/h2>\n<div id=\"attachment_245\" style=\"width: 610px\" class=\"wp-caption alignnone\"><img aria-describedby=\"caption-attachment-245\" decoding=\"async\" loading=\"lazy\" class=\"wp-image-245\" src=\"http:\/\/cvf-volleyball.fr\/wp-content\/uploads\/2017\/12\/2017-2018-M091.jpg\" width=\"600\" height=\"400\" \/><p id=\"caption-attachment-245\" class=\"wp-caption-text\">Pitchouns 2017-2018<\/p><\/div>\n<h3><span style=\"color: #0000ff;\">Entraineurs :\u00a0<\/span>Jenny, St\u00e9phane, Mathieu, Magali, Jos\u00e9<\/h3>\n<h3><span style=\"color: #0000ff;\">Entrainement :<\/span><\/h3>\n<p><a href=\"http:\/\/&quot;http:\/\/cvf-volleyball.fr\/index.php\/le-club\/horaires-dentrainement\/&quot;\" data-wplink-url-error=\"true\"><span style=\"color: #0000ff;\">Voir les horaires d&rsquo;entrainement<\/span><\/a><\/p>\n<h3><span style=\"color: #0000ff;\">Grands Principes du Volley Pitchouns :<\/span><\/h3>\n<ul>\n<li>Pratique ouverte \u00e0 tous les enfants de 6 \u00e0 12 ans \u00ab\u00a0 d\u00e9butants\u00a0\u00bb , c\u2019est-\u00e0-dire qui ne savent pas jouer sans bloquer la balle ou pas r\u00e9guli\u00e8rement. Il existe plusieurs niveaux de pitchouns. L&rsquo;entraineur oriente les enfants vers le niveau de jeu correspondant aux capacit\u00e9s de chacun.<\/li>\n<\/ul>\n<ul>\n<li>5 \u00e0 6 tournois par an par bassin de pratique (voir tableau ci-dessous pour ceux qui restent \u00e0 implanter en rouge). Notre bassin est compos\u00e9 des clubs de\u00a0: Aix, Venelles, Vitrolles et Velaux. L\u2019id\u00e9e \u00e9tant que les jeunes enfants ne se d\u00e9placent pas trop loin de dimanche matin.<\/li>\n<\/ul>\n<ul>\n<li>Chaque club organise \u00e0 son tour le tournoi et pr\u00e9voit une collation pour les enfants. Quand le CVFVB organisera \u00e0 son tour le tournoi, merci de penser \u00e0 apporter un g\u00e2teau ou une boisson pour promouvoir l&rsquo;esprit de convivialit\u00e9 et de partage de ces rencontres.<\/li>\n<\/ul>\n<ul>\n<li>Les clubs envoient obligatoirement les pr\u00e9inscriptions au club organisateur si possible avant le vendredi soir. Chaque enfant devra donc informer son entraineur de sa participation ou son absence au tournoi du WE. Le club organisateur peut ainsi organiser les poules \u00e0 l&rsquo;avance et d\u00e9marrer plus vite le tournoi.<\/li>\n<\/ul>\n<ul>\n<li>Le matin si au d\u00e9part du RDV on s\u2019aper\u00e7oit qu\u2019un enfant est manquant on avertit de suite le club organisateur par t\u00e9l\u00e9phone pour qu\u2019il puisse r\u00e9organiser ses poules de niveaux au plus vite. Mais ces modifications de derni\u00e8re minute peut g\u00e9n\u00e9rer du retard au d\u00e9marrage du tournoi.<\/li>\n<\/ul>\n<ul>\n<li>Le jour du tournoi tout le monde et y compris les parents volontaires peut \u00eatre mis \u00e0 contribution pour aider \u00e0 l\u2019organisation (surveillance du plateau, respect des r\u00e8gles assez simples&#8230;)<\/li>\n<\/ul>\n<h3><span style=\"color: #0000ff;\">Planning des tournois PITCHOUNS :<\/span><\/h3>\n<table style=\"width: 600px;\">\n<tbody>\n<tr>\n<td style=\"text-align: center;\"><span style=\"color: #0000ff;\"><strong>DATES<\/strong><\/span><\/td>\n<td style=\"text-align: center;\"><span style=\"color: #0000ff;\"><strong>PITCHOUNS<\/strong><\/span><\/td>\n<td style=\"text-align: center;\"><span style=\"color: #0000ff;\"><strong>LIEUX<\/strong><\/span><\/td>\n<\/tr>\n<tr>\n<td>dimanche xx<\/td>\n<td style=\"text-align: center;\">T1 M\/F<\/td>\n<td><span style=\"color: #0000ff;\">A CAMUS VELAUX (CVFVB)<br \/>\n<\/span><\/td>\n<\/tr>\n<tr>\n<td>dimanche xx<\/td>\n<td style=\"text-align: center;\">T2 M\/F<\/td>\n<td>COUBERTIN VITROLLES<\/td>\n<\/tr>\n<tr>\n<td>dimanche xx<\/td>\n<td style=\"text-align: center;\">T3 M\/F<\/td>\n<td>HALLE CARCASSONNE AIX<\/td>\n<\/tr>\n<tr>\n<td>dimanche xx<\/td>\n<td style=\"text-align: center;\">T4 M\/F<\/td>\n<td><span style=\"color: #000000;\">HALLE CARCASSONNE AIX<br \/>\n<\/span><\/td>\n<\/tr>\n<tr>\n<td>dimanche xx<\/td>\n<td style=\"text-align: center;\">T5 M\/F<\/td>\n<td><span style=\"color: #0000ff;\">BVA COUDOUX (CVFVB)<br \/>\n<\/span><\/td>\n<\/tr>\n<tr>\n<td>dimanche xx<\/td>\n<td style=\"text-align: center;\">T6 M\/F<\/td>\n<td>COUBERTIN VITROLLES<\/td>\n<\/tr>\n<tr>\n<td>dimanche xx<\/td>\n<td style=\"text-align: center;\">T7 M\/F<\/td>\n<td><span style=\"color: #ff0000;\">\u00e0 d\u00e9finir<\/span><\/td>\n<\/tr>\n<\/tbody>\n<\/table>\n<hr \/>\n<table>\n<tbody>\n<tr>\n<td align=\"center\"><\/td>\n<\/tr>\n<\/tbody>\n<\/table>\n","protected":false},"excerpt":{"rendered":"<p>M7\/M9 Pitchouns (+ M11 d\u00e9butants) Entraineurs :\u00a0Jenny, St\u00e9phane, Mathieu, Magali, Jos\u00e9 Entrainement : Voir les horaires d&rsquo;entrainement Grands Principes du Volley Pitchouns : Pratique ouverte \u00e0 tous les enfants de 6 \u00e0 12 ans \u00ab\u00a0 d\u00e9butants\u00a0\u00bb , c\u2019est-\u00e0-dire qui ne savent pas jouer sans bloquer la balle ou pas r\u00e9guli\u00e8rement. Il existe plusieurs niveaux de [&hellip;]<\/p>\n","protected":false},"author":2,"featured_media":245,"parent":16,"menu_order":9,"comment_status":"closed","ping_status":"closed","template":"","meta":{"footnotes":""},"_links":{"self":[{"href":"https:\/\/cvf-volleyball.fr\/index.php\/wp-json\/wp\/v2\/pages\/102"}],"collection":[{"href":"https:\/\/cvf-volleyball.fr\/index.php\/wp-json\/wp\/v2\/pages"}],"about":[{"href":"https:\/\/cvf-volleyball.fr\/index.php\/wp-json\/wp\/v2\/types\/page"}],"author":[{"embeddable":true,"href":"https:\/\/cvf-volleyball.fr\/index.php\/wp-json\/wp\/v2\/users\/2"}],"replies":[{"embeddable":true,"href":"https:\/\/cvf-volleyball.fr\/index.php\/wp-json\/wp\/v2\/comments?post=102"}],"version-history":[{"count":8,"href":"https:\/\/cvf-volleyball.fr\/index.php\/wp-json\/wp\/v2\/pages\/102\/revisions"}],"predecessor-version":[{"id":1795,"href":"https:\/\/cvf-volleyball.fr\/index.php\/wp-json\/wp\/v2\/pages\/102\/revisions\/1795"}],"up":[{"embeddable":true,"href":"https:\/\/cvf-volleyball.fr\/index.php\/wp-json\/wp\/v2\/pages\/16"}],"wp:featuredmedia":[{"embeddable":true,"href":"https:\/\/cvf-volleyball.fr\/index.php\/wp-json\/wp\/v2\/media\/245"}],"wp:attachment":[{"href":"https:\/\/cvf-volleyball.fr\/index.php\/wp-json\/wp\/v2\/media?parent=102"}],"curies":[{"name":"wp","href":"https:\/\/api.w.org\/{rel}","templated":true}]}}