{"id":1061,"date":"2017-03-27T18:30:57","date_gmt":"2017-03-27T17:30:57","guid":{"rendered":"http:\/\/cvf-volleyball.fr\/?page_id=1061"},"modified":"2017-03-27T18:52:34","modified_gmt":"2017-03-27T17:52:34","slug":"trophees-du-fair-play","status":"publish","type":"page","link":"https:\/\/cvf-volleyball.fr\/index.php\/le-club\/challenge-du-fair-play\/trophees-du-fair-play\/","title":{"rendered":"Troph\u00e9es du fair-play"},"content":{"rendered":"<div id=\"pl-1061\"  class=\"panel-layout\" ><div id=\"pg-1061-0\"  class=\"panel-grid panel-no-style\" ><div id=\"pgc-1061-0-0\"  class=\"panel-grid-cell\" ><div id=\"panel-1061-0-0-0\" class=\"so-panel widget widget_sow-editor panel-first-child\" data-index=\"0\" ><div\n\t\t\t\n\t\t\tclass=\"so-widget-sow-editor so-widget-sow-editor-base\"\n\t\t\t\n\t\t>\n<div class=\"siteorigin-widget-tinymce textwidget\">\n\t<table>\n<thead>\n<tr>\n<th>\u00c9quipes<\/th>\n<th>Nov-16<\/th>\n<th>Dec-16<\/th>\n<th>Jan-17<\/th>\n<th>F\u00e9v-17<\/th>\n<th>Mar-17<\/th>\n<th>Avr-17<\/th>\n<\/tr>\n<\/thead>\n<tbody>\n<tr>\n<td>Pitchouns (Mag)<\/td>\n<td>Aimy, Manon, Emilien, Lou Anne<\/td>\n<td>Bastien, Julie<\/td>\n<td>Anaelle , Elwenn<\/td>\n<td>Maelys, Noam<\/td>\n<td><\/td>\n<td><\/td>\n<\/tr>\n<tr>\n<td>M13G (R\u00e9my)<\/td>\n<td>Gaspard, Maxime<\/td>\n<td>X<\/td>\n<td>X<\/td>\n<td>Matt\u00e9o<\/td>\n<td><\/td>\n<td><\/td>\n<\/tr>\n<tr>\n<td>M13F (Philippe)<\/td>\n<td>Louisa<\/td>\n<td>X<\/td>\n<td>Isis<\/td>\n<td>Nola, Camille<\/td>\n<td><\/td>\n<td><\/td>\n<\/tr>\n<tr>\n<td>M15G (David)<\/td>\n<td>Cl\u00e9ment<\/td>\n<td>X<\/td>\n<td>X<\/td>\n<td>Nicolas<\/td>\n<td><\/td>\n<td><\/td>\n<\/tr>\n<tr>\n<td>M15F (St\u00e9phane)<\/td>\n<td>Aude, Estelle<\/td>\n<td>Clotilde<\/td>\n<td>X<\/td>\n<td>Elo\u00efse<\/td>\n<td><\/td>\n<td><\/td>\n<\/tr>\n<tr>\n<td>M13F\/M15F (Maxime)<\/td>\n<td>Coline<\/td>\n<td>X<\/td>\n<td>M\u00e9lanie<\/td>\n<td>M\u00e9gane<\/td>\n<td><\/td>\n<td><\/td>\n<\/tr>\n<\/tbody>\n<\/table>\n<\/div>\n<\/div><\/div><div id=\"panel-1061-0-0-1\" class=\"so-panel widget widget_master-slider-main-widget master-slider-main-widget panel-last-child\" data-index=\"1\" >\n\t\t<!-- MasterSlider -->\n\t\t<div id=\"P_MS5a3d81aec4766\" class=\"master-slider-parent msl ms-parent-id-6\" style=\"max-width:800px;\"  >\n\n\t\t\t\n\t\t\t<!-- MasterSlider Main -->\n\t\t\t<div id=\"MS5a3d81aec4766\" class=\"master-slider ms-skin-default\" >\n\t\t\t\t \t\t\t\t \n\t\t\t\t<div  class=\"ms-slide\" data-delay=\"2\" data-fill-mode=\"fill\"  >\n\t\t\t\t\t<img src=\"http:\/\/cvf-volleyball.fr\/wp-content\/plugins\/master-slider\/public\/assets\/css\/blank.gif\" alt=\"\" title=\"\" data-src=\"http:\/\/cvf-volleyball.fr\/wp-content\/uploads\/2017\/03\/PITCHOUNS_-Noam-Maelys-FEV-17.jpg\" \/>\n\n\n\t<img class=\"ms-thumb\" src=\"http:\/\/cvf-volleyball.fr\/wp-content\/uploads\/2017\/03\/PITCHOUNS_-Noam-Maelys-FEV-17-140x80.jpg\" alt=\"\" \/>\n\t<div class=\"ms-thumb\" ><div class=\"ms-tab-context\"><div class=&quot;ms-tab-context&quot;><\/div><\/div>\n<\/div>\n\t\t\t\t<\/div>\n\t\t\t\t<div  class=\"ms-slide\" data-delay=\"3\" data-fill-mode=\"fill\"  >\n\t\t\t\t\t<img src=\"http:\/\/cvf-volleyball.fr\/wp-content\/plugins\/master-slider\/public\/assets\/css\/blank.gif\" alt=\"\" title=\"\" data-src=\"http:\/\/cvf-volleyball.fr\/wp-content\/uploads\/2017\/03\/M11F_M13F-Camille-Nola-FEV-17.jpg\" \/>\n\n\n\t<img class=\"ms-thumb\" src=\"http:\/\/cvf-volleyball.fr\/wp-content\/uploads\/2017\/03\/M11F_M13F-Camille-Nola-FEV-17-140x80.jpg\" alt=\"\" \/>\n\t<div class=\"ms-thumb\" ><div class=\"ms-tab-context\"><div class=&quot;ms-tab-context&quot;><\/div><\/div>\n<\/div>\n\t\t\t\t<\/div>\n\t\t\t\t<div  class=\"ms-slide\" data-delay=\"3\" data-fill-mode=\"fill\"  >\n\t\t\t\t\t<img src=\"http:\/\/cvf-volleyball.fr\/wp-content\/plugins\/master-slider\/public\/assets\/css\/blank.gif\" alt=\"\" title=\"\" data-src=\"http:\/\/cvf-volleyball.fr\/wp-content\/uploads\/2017\/03\/M13F-Isis-Janvier-2017.jpg\" \/>\n\n\n\t<img class=\"ms-thumb\" src=\"http:\/\/cvf-volleyball.fr\/wp-content\/uploads\/2017\/03\/M13F-Isis-Janvier-2017-140x80.jpg\" alt=\"\" \/>\n\t<div class=\"ms-thumb\" ><div class=\"ms-tab-context\"><div class=&quot;ms-tab-context&quot;><\/div><\/div>\n<\/div>\n\t\t\t\t<\/div>\n\t\t\t\t<div  class=\"ms-slide\" data-delay=\"3\" data-fill-mode=\"fill\"  >\n\t\t\t\t\t<img src=\"http:\/\/cvf-volleyball.fr\/wp-content\/plugins\/master-slider\/public\/assets\/css\/blank.gif\" alt=\"\" title=\"\" data-src=\"http:\/\/cvf-volleyball.fr\/wp-content\/uploads\/2017\/03\/M17F-R\u00e9g-M\u00e9lanie-JANV-2017.jpg\" \/>\n\n\n\t<img class=\"ms-thumb\" src=\"http:\/\/cvf-volleyball.fr\/wp-content\/uploads\/2017\/03\/M17F-R\u00e9g-M\u00e9lanie-JANV-2017-140x80.jpg\" alt=\"\" \/>\n\t<div class=\"ms-thumb\" ><div class=\"ms-tab-context\"><div class=&quot;ms-tab-context&quot;><\/div><\/div>\n<\/div>\n\t\t\t\t<\/div>\n\t\t\t\t<div  class=\"ms-slide\" data-delay=\"3\" data-fill-mode=\"fill\"  >\n\t\t\t\t\t<img src=\"http:\/\/cvf-volleyball.fr\/wp-content\/plugins\/master-slider\/public\/assets\/css\/blank.gif\" alt=\"\" title=\"\" data-src=\"http:\/\/cvf-volleyball.fr\/wp-content\/uploads\/2017\/12\/2017-2018-M092.jpg\" \/>\n\n\n\t<img class=\"ms-thumb\" src=\"http:\/\/cvf-volleyball.fr\/wp-content\/uploads\/2017\/12\/2017-2018-M092-140x80.jpg\" alt=\"\" \/>\n\t<div class=\"ms-thumb\" ><div class=\"ms-tab-context\"><div class=&quot;ms-tab-context&quot;><\/div><\/div>\n<\/div>\n\t\t\t\t<\/div>\n\n\t\t\t<\/div>\n\t\t\t<!-- END MasterSlider Main -->\n\n\t\t\t \n\t\t<\/div>\n\t\t<!-- END MasterSlider -->\n\n\t\t<script>\n\t\t(function ( $ ) {\n\t\t\t\"use strict\";\n\n\t\t\t$(function () {\n\t\t\t\tvar masterslider_4766 = new MasterSlider();\n\n\t\t\t\t\/\/ slider controls\n\t\t\t\tmasterslider_4766.control('arrows'     ,{ autohide:false, overVideo:true  });\t\t\t\tmasterslider_4766.control('bullets'    ,{ autohide:false, overVideo:true, dir:'h', align:'bottom' , margin:10  });\n\n\t\t\t\tmasterslider_4766.control('thumblist'  ,{ autohide:false, overVideo:true, dir:'h', speed:17, inset:false, arrows:false, hover:false, customClass:'', align:'bottom',type:'thumbs', margin:5, width:140, height:80, space:5, fillMode:'fill'  });\n\t\t\t\t\/\/ slider setup\n\t\t\t\tmasterslider_4766.setup(\"MS5a3d81aec4766\", {\n\t\t\t\t\t\twidth           : 800,\n\t\t\t\t\t\theight          : 480,\n\t\t\t\t\t\tminHeight       : 0,\n\t\t\t\t\t\tspace           : 0,\n\t\t\t\t\t\tstart           : 1,\n\t\t\t\t\t\tgrabCursor      : false,\n\t\t\t\t\t\tswipe           : true,\n\t\t\t\t\t\tmouse           : true,\n\t\t\t\t\t\tlayout          : \"boxed\",\n\t\t\t\t\t\twheel           : true,\n\t\t\t\t\t\tautoplay        : false,\n\t\t\t\t\t\tinstantStartLayers:false,\n\t\t\t\t\t\tloop            : true,\n\t\t\t\t\t\tshuffle         : true,\n\t\t\t\t\t\tpreload         : 0,\n\t\t\t\t\t\theightLimit     : true,\n\t\t\t\t\t\tautoHeight      : false,\n\t\t\t\t\t\tsmoothHeight    : true,\n\t\t\t\t\t\tendPause        : false,\n\t\t\t\t\t\toverPause       : false,\n\t\t\t\t\t\tfillMode        : \"fill\",\n\t\t\t\t\t\tcenterControls  : true,\n\t\t\t\t\t\tstartOnAppear   : false,\n\t\t\t\t\t\tlayersMode      : \"center\",\n\t\t\t\t\t\thideLayers      : false,\n\t\t\t\t\t\tfullscreenMargin: 0,\n\t\t\t\t\t\tspeed           : 20,\n\t\t\t\t\t\tdir             : \"h\",\n\t\t\t\t\t\tparallaxMode    : 'swipe',\n\t\t\t\t\t\tview            : \"basic\"\n\t\t\t\t});\n\n\t\t\t\t\n\t\t\t\twindow.masterslider_instances = window.masterslider_instances || [];\n\t\t\t\twindow.masterslider_instances.push( masterslider_4766 );\n\t\t\t });\n\n\t\t})(jQuery);\n\t\t<\/script>\n\n<\/div><\/div><\/div><\/div>","protected":false},"excerpt":{"rendered":"<p>\u00c9quipes Nov-16 Dec-16 Jan-17 F\u00e9v-17 Mar-17 Avr-17 Pitchouns (Mag) Aimy, Manon, Emilien, Lou Anne Bastien, Julie Anaelle , Elwenn Maelys, Noam M13G (R\u00e9my) Gaspard, Maxime X X Matt\u00e9o M13F (Philippe) Louisa X Isis Nola, Camille M15G (David) Cl\u00e9ment X X Nicolas M15F (St\u00e9phane) Aude, Estelle Clotilde X Elo\u00efse M13F\/M15F (Maxime) Coline X M\u00e9lanie M\u00e9gane<\/p>\n","protected":false},"author":2,"featured_media":0,"parent":685,"menu_order":0,"comment_status":"closed","ping_status":"closed","template":"","meta":{"footnotes":""},"_links":{"self":[{"href":"https:\/\/cvf-volleyball.fr\/index.php\/wp-json\/wp\/v2\/pages\/1061"}],"collection":[{"href":"https:\/\/cvf-volleyball.fr\/index.php\/wp-json\/wp\/v2\/pages"}],"about":[{"href":"https:\/\/cvf-volleyball.fr\/index.php\/wp-json\/wp\/v2\/types\/page"}],"author":[{"embeddable":true,"href":"https:\/\/cvf-volleyball.fr\/index.php\/wp-json\/wp\/v2\/users\/2"}],"replies":[{"embeddable":true,"href":"https:\/\/cvf-volleyball.fr\/index.php\/wp-json\/wp\/v2\/comments?post=1061"}],"version-history":[{"count":5,"href":"https:\/\/cvf-volleyball.fr\/index.php\/wp-json\/wp\/v2\/pages\/1061\/revisions"}],"predecessor-version":[{"id":1084,"href":"https:\/\/cvf-volleyball.fr\/index.php\/wp-json\/wp\/v2\/pages\/1061\/revisions\/1084"}],"up":[{"embeddable":true,"href":"https:\/\/cvf-volleyball.fr\/index.php\/wp-json\/wp\/v2\/pages\/685"}],"wp:attachment":[{"href":"https:\/\/cvf-volleyball.fr\/index.php\/wp-json\/wp\/v2\/media?parent=1061"}],"curies":[{"name":"wp","href":"https:\/\/api.w.org\/{rel}","templated":true}]}}