{"id":12,"date":"2016-09-11T18:14:39","date_gmt":"2016-09-11T17:14:39","guid":{"rendered":"http:\/\/cvf-volleyball.fr\/?page_id=12"},"modified":"2018-07-07T10:34:17","modified_gmt":"2018-07-07T09:34:17","slug":"organigramme","status":"publish","type":"page","link":"https:\/\/cvf-volleyball.fr\/index.php\/le-club\/organigramme\/","title":{"rendered":"Organigramme"},"content":{"rendered":"<p>Pr\u00e9sident : <strong>Fr\u00e9d\u00e9ric Untereiner<\/strong><br \/>\nEmail: <a href=\"mailto:president@cvf-volleyball.fr\">president@cvf-volleyball.fr<\/a><\/p>\n<p>Vice-Pr\u00e9sidente : <strong>Anne Gaydon Bourrat<\/strong><br \/>\nEmail: <a href=\"mailto:anne.gaydonbourrat@cvf-volleyball.fr\">anne.gaydonbourrat@cvf-volleyball.fr<\/a><\/p>\n<p>Secr\u00e9taire : <strong>Magali Fortunato<\/strong><br \/>\nT\u00e9l\u00e9phone : 06 68 29 65 31<br \/>\nEmail : <a href=\"mailto:secretaire@cvf-volleyball.fr\">secretaire@cvf-volleyball.fr<\/a><\/p>\n<p>Vice-Secr\u00e9taire : <strong>Maxime <\/strong><strong>Dusserre<\/strong><br \/>\nEmail : <a href=\"mailto:maxime.dusserre@cvf-volleyball.fr\">maxime.dusserre@cvf-volleyball.fr<\/a><\/p>\n<p>Tr\u00e9sori\u00e8re: <strong>Isabelle Dusserre<br \/>\n<\/strong>Email : <a href=\"mailto:tresorier@cvf-volleyball.fr\">tresorier@cvf-volleyball.fr<\/a><\/p>\n<p align=\"left\">L&rsquo;ensemble des membres du bureau sont joignables via l&rsquo;adresse e-mail unique <a href=\"mailto:bureau@cvf-volleyball.fr\">bureau@cvf-volleyball.fr <\/a><\/p>\n<p style=\"text-align: left;\" align=\"left\">L&rsquo;adresse postale du Club : <strong><span style=\"font-family: Arial; font-size: small;\">Maison des Associations, Ch\u00e2teau des 4 tours, <\/span><span style=\"font-family: Arial; font-size: small;\">13880 VELAUX<\/span><\/strong><\/p>\n<h3 align=\"left\">Les commissions:<\/h3>\n<ul>\n<li><u>Commission Communication site Internet :<\/u> <a href=\"mailto:frederic.untereiner@cvf-volleyball.fr\">Fr\u00e9d\u00e9ric UNTEREINER<\/a><\/li>\n<li><u>Commission Presse\u00a0:<\/u> <a href=\"mailto:christophe.giovanni@cvf-volleyball.fr\">Christophe GIOVANI<\/a><\/li>\n<li><u>Commission Tournois et animations\u00a0:<\/u> <a href=\"mailto:maxime.dusserre@cvf-volleyball.fr\">Maxime DUSSERRE<\/a><\/li>\n<li><u>Commission UFOLEP :<\/u> <a href=\"mailto:philippe.millancourt@cvf-volleyball.fr\">Philippe MILLANCOURT<\/a><\/li>\n<li><u>Commission \u00e9quipements\u00a0:<\/u> <a href=\"mailto:philippe.millancourt@cvf-volleyball.fr\">Philippe MILLANCOURT<\/a><\/li>\n<li><u>Commission Arbitrage\u00a0:<\/u> <a href=\"mailto:michele.d-ervin@cvf-volleyball.fr\">Mich\u00e8le D\u2019ERVIN<\/a>, <a href=\"mailto:thomas.drillon@cvf-volleyball.fr\">Thomas DRILLON<\/a><\/li>\n<li><u>Commission marqueurs\u00a0:<\/u> <a href=\"mailto:maxime.dusserre@cvf-volleyball.fr\">Maxime DUSSERRE<\/a><\/li>\n<li><u>Commission techniques et jeunes\u00a0:<\/u> <a href=\"mailto:philippe.thibaut@cvf-volleyball.fr\">Philippe THIBAUT<\/a>, <a href=\"mailto:magali.fortunato@cvf-volleyball.fr\">Magali FORTUNATO<\/a><\/li>\n<li><u>Commission LOISIRS CD13\u00a0:<\/u> <a href=\"mailto:elodie.charnay@cvf-volleyball.fr\">Elodie CHARNAY<\/a><\/li>\n<li><u>Commission Beach\u00a0:<\/u> A pourvoir ( <a href=\"mailto:bureau@cvf-volleyball.fr\">bureau@cvf-volleyball.fr <\/a>)<\/li>\n<li><u>Commission licences\u00a0:<\/u> <a href=\"mailto:secretariat@cvf-volleyball.fr\">Carine CHEVALLIER, Jos\u00e9 VERDAVAINE<\/a><\/li>\n<\/ul>\n<p align=\"left\">\n","protected":false},"excerpt":{"rendered":"<p>Pr\u00e9sident : Fr\u00e9d\u00e9ric Untereiner Email: president@cvf-volleyball.fr Vice-Pr\u00e9sidente : Anne Gaydon Bourrat Email: anne.gaydonbourrat@cvf-volleyball.fr Secr\u00e9taire : Magali Fortunato T\u00e9l\u00e9phone : 06 68 29 65 31 Email : secretaire@cvf-volleyball.fr Vice-Secr\u00e9taire : Maxime Dusserre Email : maxime.dusserre@cvf-volleyball.fr Tr\u00e9sori\u00e8re: Isabelle Dusserre Email : tresorier@cvf-volleyball.fr L&rsquo;ensemble des membres du bureau sont joignables via l&rsquo;adresse e-mail unique bureau@cvf-volleyball.fr L&rsquo;adresse postale du [&hellip;]<\/p>\n","protected":false},"author":2,"featured_media":0,"parent":8,"menu_order":20,"comment_status":"closed","ping_status":"closed","template":"","meta":{"footnotes":""},"_links":{"self":[{"href":"https:\/\/cvf-volleyball.fr\/index.php\/wp-json\/wp\/v2\/pages\/12"}],"collection":[{"href":"https:\/\/cvf-volleyball.fr\/index.php\/wp-json\/wp\/v2\/pages"}],"about":[{"href":"https:\/\/cvf-volleyball.fr\/index.php\/wp-json\/wp\/v2\/types\/page"}],"author":[{"embeddable":true,"href":"https:\/\/cvf-volleyball.fr\/index.php\/wp-json\/wp\/v2\/users\/2"}],"replies":[{"embeddable":true,"href":"https:\/\/cvf-volleyball.fr\/index.php\/wp-json\/wp\/v2\/comments?post=12"}],"version-history":[{"count":3,"href":"https:\/\/cvf-volleyball.fr\/index.php\/wp-json\/wp\/v2\/pages\/12\/revisions"}],"predecessor-version":[{"id":1415,"href":"https:\/\/cvf-volleyball.fr\/index.php\/wp-json\/wp\/v2\/pages\/12\/revisions\/1415"}],"up":[{"embeddable":true,"href":"https:\/\/cvf-volleyball.fr\/index.php\/wp-json\/wp\/v2\/pages\/8"}],"wp:attachment":[{"href":"https:\/\/cvf-volleyball.fr\/index.php\/wp-json\/wp\/v2\/media?parent=12"}],"curies":[{"name":"wp","href":"https:\/\/api.w.org\/{rel}","templated":true}]}}