{"id":1678,"date":"2019-08-22T18:31:17","date_gmt":"2019-08-22T17:31:17","guid":{"rendered":"http:\/\/cvf-volleyball.fr\/?page_id=1678"},"modified":"2022-10-05T06:27:42","modified_gmt":"2022-10-05T05:27:42","slug":"m15","status":"publish","type":"page","link":"https:\/\/cvf-volleyball.fr\/index.php\/les-equipes\/m15\/","title":{"rendered":"M15 Minimes"},"content":{"rendered":"<div id=\"pl-1678\"  class=\"panel-layout\" ><div id=\"pg-1678-0\"  class=\"panel-grid panel-no-style\" ><div id=\"pgc-1678-0-0\"  class=\"panel-grid-cell panel-grid-cell-empty\" ><\/div><\/div><div id=\"pg-1678-1\"  class=\"panel-grid panel-no-style\" ><div id=\"pgc-1678-1-0\"  class=\"panel-grid-cell\" ><div id=\"panel-1678-1-0-0\" class=\"so-panel widget widget_text panel-first-child\" data-index=\"0\" >\t\t\t<div class=\"textwidget\"><table id=\"M15G\">\n<tr >\n<td  align=\"center\"> <h2><span style=\"color: #0000ff;\"><strong>M15 F\u00e9minin 1<\/strong><\/span><\/h2> <\/td>\n\n<\/tr>\n<\/table><\/div>\n\t\t<\/div><div id=\"panel-1678-1-0-1\" class=\"so-panel widget widget_sow-editor\" data-index=\"1\" ><div\n\t\t\t\n\t\t\tclass=\"so-widget-sow-editor so-widget-sow-editor-base\"\n\t\t\t\n\t\t>\n<div class=\"siteorigin-widget-tinymce textwidget\">\n\t<h3 style=\"text-align: left;\"><span style=\"color: #0000ff;\"><img decoding=\"async\" loading=\"lazy\" class=\"alignnone  wp-image-2052\" src=\"http:\/\/cvf-volleyball.fr\/wp-content\/uploads\/2022\/10\/2022-M15FR.jpg\" alt=\"\" width=\"500\" height=\"225\" srcset=\"https:\/\/cvf-volleyball.fr\/wp-content\/uploads\/2022\/10\/2022-M15FR.jpg 1024w, https:\/\/cvf-volleyball.fr\/wp-content\/uploads\/2022\/10\/2022-M15FR-300x135.jpg 300w, https:\/\/cvf-volleyball.fr\/wp-content\/uploads\/2022\/10\/2022-M15FR-768x346.jpg 768w\" sizes=\"(max-width: 500px) 100vw, 500px\" \/><\/span><\/h3>\n<h3 style=\"text-align: left;\"><span style=\"color: #0000ff;\">Entraineur : <\/span> <strong>Philippe<\/strong><\/h3>\n<h3><span style=\"color: #0000ff;\">Entrainements :<\/span><\/h3>\n<ul>\n<li><a href=\"http:\/\/cvf-volleyball.fr\/index.php\/le-club\/horaires-dentrainement\/\">Voir planning des entrainements<\/a><\/li>\n<\/ul>\n<\/div>\n<\/div><\/div><div id=\"panel-1678-1-0-2\" class=\"so-panel widget widget_text\" data-index=\"2\" >\t\t\t<div class=\"textwidget\"><h3><span style=\"color: #0000ff;\">Championnat:<\/span><\/h3><\/div>\n\t\t<\/div><div id=\"panel-1678-1-0-3\" class=\"so-panel widget widget_iframe-loader iframe-loader-widget\" data-index=\"3\" ><script type='text\/javascript'>  \nwindow.onload = document.write(\"<iframe width='100%' height='800' marginwidth='0' marginheight='0' scrolling='auto' frameborder='0'  src='https:\/\/www.ffvbbeach.org\/ffvbapp\/resu\/vbspo_calendrier.php?saison=2022%2F2023&codent=PTPR13&poule=MFA&calend=COMPLET&equipe=7&x=9&y=6' ><\/iframe> \"); \n <\/script><\/div><div id=\"panel-1678-1-0-4\" class=\"so-panel widget widget_text\" data-index=\"4\" >\t\t\t<div class=\"textwidget\"><h3><span style=\"color: #0000ff;\">R\u00e9sultats Coupe de France:<\/span><\/h3><\/div>\n\t\t<\/div><div id=\"panel-1678-1-0-5\" class=\"so-panel widget widget_iframe-loader iframe-loader-widget panel-last-child\" data-index=\"5\" ><script type='text\/javascript'>  \nwindow.onload = document.write(\"<iframe width='100%' height='400' marginwidth='0' marginheight='0' scrolling='auto' frameborder='0'  src='https:\/\/www.ffvbbeach.org\/ffvbapp\/resu\/planning_club.php?saison=2022%2F2023&codent=ACJEUNES&division=MFX&cnclub=0138350&x=9&y=7' ><\/iframe> \"); \n <\/script><\/div><\/div><div id=\"pgc-1678-1-1\"  class=\"panel-grid-cell\" ><div id=\"panel-1678-1-1-0\" class=\"so-panel widget widget_text panel-first-child\" data-index=\"6\" >\t\t\t<div class=\"textwidget\"><table id=\"M15F\" >\n<tr >\n<td  align=\"center\"> <h2><span style=\"color: #0000ff;\"><strong>M15 F\u00e9minin 2<\/strong><\/span><\/h2> <\/td>\n\n<\/tr>\n<\/table><\/div>\n\t\t<\/div><div id=\"panel-1678-1-1-1\" class=\"so-panel widget widget_sow-editor\" data-index=\"7\" ><div\n\t\t\t\n\t\t\tclass=\"so-widget-sow-editor so-widget-sow-editor-base\"\n\t\t\t\n\t\t>\n<div class=\"siteorigin-widget-tinymce textwidget\">\n\t<h3><span style=\"color: #0000ff;\"><img decoding=\"async\" loading=\"lazy\" class=\"alignnone wp-image-2051\" src=\"http:\/\/cvf-volleyball.fr\/wp-content\/uploads\/2022\/10\/2022-M15FD.jpg\" alt=\"\" width=\"399\" height=\"299\" srcset=\"https:\/\/cvf-volleyball.fr\/wp-content\/uploads\/2022\/10\/2022-M15FD.jpg 960w, https:\/\/cvf-volleyball.fr\/wp-content\/uploads\/2022\/10\/2022-M15FD-300x225.jpg 300w, https:\/\/cvf-volleyball.fr\/wp-content\/uploads\/2022\/10\/2022-M15FD-768x576.jpg 768w, https:\/\/cvf-volleyball.fr\/wp-content\/uploads\/2022\/10\/2022-M15FD-320x240.jpg 320w\" sizes=\"(max-width: 399px) 100vw, 399px\" \/><\/span><\/h3>\n<h3><span style=\"color: #0000ff;\">Entraineur :<\/span> <strong>Chlo\u00e9<\/strong><\/h3>\n<h3><span style=\"color: #0000ff;\">Entrainements :<\/span><\/h3>\n<ul>\n<li><a href=\"http:\/\/cvf-volleyball.fr\/index.php\/le-club\/horaires-dentrainement\/\">Voir planning des entra\u00eenements<\/a><\/li>\n<\/ul>\n<\/div>\n<\/div><\/div><div id=\"panel-1678-1-1-2\" class=\"so-panel widget widget_text\" data-index=\"8\" >\t\t\t<div class=\"textwidget\"><h3><span style=\"color: #0000ff;\">Championnat:<\/span><\/h3><\/div>\n\t\t<\/div><div id=\"panel-1678-1-1-3\" class=\"so-panel widget widget_iframe-loader iframe-loader-widget panel-last-child\" data-index=\"9\" ><script type='text\/javascript'>  \nwindow.onload = document.write(\"<iframe width='100%' height='800' marginwidth='0' marginheight='0' scrolling='auto' frameborder='0'  src='https:\/\/www.ffvbbeach.org\/ffvbapp\/resu\/vbspo_calendrier.php?saison=2022%2F2023&codent=PTPR13&poule=MFB&calend=COMPLET&equipe=7&x=4&y=5' ><\/iframe> \"); \n <\/script><\/div><\/div><\/div><\/div>","protected":false},"excerpt":{"rendered":"<p>M15 F\u00e9minin 1 Entraineur : Philippe Entrainements : Voir planning des entrainements Championnat: R\u00e9sultats Coupe de France: M15 F\u00e9minin 2 Entraineur : Chlo\u00e9 Entrainements : Voir planning des entra\u00eenements Championnat:<\/p>\n","protected":false},"author":2,"featured_media":0,"parent":16,"menu_order":13,"comment_status":"closed","ping_status":"closed","template":"","meta":{"footnotes":""},"_links":{"self":[{"href":"https:\/\/cvf-volleyball.fr\/index.php\/wp-json\/wp\/v2\/pages\/1678"}],"collection":[{"href":"https:\/\/cvf-volleyball.fr\/index.php\/wp-json\/wp\/v2\/pages"}],"about":[{"href":"https:\/\/cvf-volleyball.fr\/index.php\/wp-json\/wp\/v2\/types\/page"}],"author":[{"embeddable":true,"href":"https:\/\/cvf-volleyball.fr\/index.php\/wp-json\/wp\/v2\/users\/2"}],"replies":[{"embeddable":true,"href":"https:\/\/cvf-volleyball.fr\/index.php\/wp-json\/wp\/v2\/comments?post=1678"}],"version-history":[{"count":17,"href":"https:\/\/cvf-volleyball.fr\/index.php\/wp-json\/wp\/v2\/pages\/1678\/revisions"}],"predecessor-version":[{"id":2084,"href":"https:\/\/cvf-volleyball.fr\/index.php\/wp-json\/wp\/v2\/pages\/1678\/revisions\/2084"}],"up":[{"embeddable":true,"href":"https:\/\/cvf-volleyball.fr\/index.php\/wp-json\/wp\/v2\/pages\/16"}],"wp:attachment":[{"href":"https:\/\/cvf-volleyball.fr\/index.php\/wp-json\/wp\/v2\/media?parent=1678"}],"curies":[{"name":"wp","href":"https:\/\/api.w.org\/{rel}","templated":true}]}}