{"id":21,"date":"2016-09-01T00:00:29","date_gmt":"2016-08-31T23:00:29","guid":{"rendered":"http:\/\/cvf-volleyball.fr\/?page_id=21"},"modified":"2024-08-22T19:47:10","modified_gmt":"2024-08-22T18:47:10","slug":"formalites-dinscription","status":"publish","type":"page","link":"https:\/\/cvf-volleyball.fr\/index.php\/le-club\/formalites-dinscription\/","title":{"rendered":"Formulaire d&rsquo;Adh\u00e9sion 2024-2025"},"content":{"rendered":"\n<p>Comme l&rsquo;ann\u00e9e derni\u00e8re ann\u00e9e, le club met en place une proc\u00e9dure d\u2019adh\u00e9sion digitalis\u00e9e sur le site AssoConnect. Cela nous permettra d&rsquo;avoir une base de donn\u00e9e de nos adh\u00e9rents que vous serez vous-m\u00eame en mesure de mettre \u00e0 jour en cas d&rsquo;\u00e9volution de vos donn\u00e9es personnelles. Nous avons mis en place 2 formulaires, un pour les nouveaux adh\u00e9rents avec l&rsquo;ensemble des informations \u00e0 fournir et un simplifier pour les re-adh\u00e9sions.<\/p>\n\n\n\n<p>Vous \u00eates invit\u00e9 \u00e0 vous y connecter et \u00e0 suivre le processus d&rsquo;inscription. Certains documents seront n\u00e9cessaire pour finaliser l&rsquo;adh\u00e9sion (photo, formulaire de licence rempli&#8230;).<strong> Pour b\u00e9n\u00e9ficier de la r\u00e9duction famille, il est important de r\u00e9aliser toutes les inscriptions en une seule fois<\/strong>.<\/p>\n\n\n\n<p>Si vous avez un doute sur la cat\u00e9gorie d&rsquo;abonnement \u00e0 s\u00e9lectionner, n&rsquo;h\u00e9sitez \u00e0 demander support aupr\u00e8s de votre entra\u00eeneur ou du num\u00e9ro de contact fourni. Pour des raisons de clart\u00e9 et simplification, le formulaire ne traite cas de figures pour des enfants qui auraient une ann\u00e9e d&rsquo;avance ou de retard \u00e0 l&rsquo;\u00e9cole, si vous vous trouver dans cette configuration, vous devez contacter le support.<\/p>\n\n\n\n<p>Pour un renouvellement d&rsquo;adh\u00e9sion, nous vous recommandons d&rsquo;utiliser le formulaire de licence pr\u00e9-rempli qui vous a \u00e9t\u00e9 envoy\u00e9 d\u00e9but juillet, pour les nouveaux adh\u00e9rents, un formulaire vierge sera t\u00e9l\u00e9chargeable durant la proc\u00e9dure.<\/p>\n\n\n\n<p>Pour information, les horaires d\u2019entra\u00eenement et les cat\u00e9gories sont d\u00e9taill\u00e9es sur <a href=\"http:\/\/cvf-volleyball.fr\/index.php\/le-club\/horaires-dentrainement\/\">cette page<\/a> de notre site.<\/p>\n\n\n\n<p><strong><span style=\"color: #ff0000;\"><\/span><\/strong><\/p>\n\n\n\n<p class=\"has-text-align-center\"><a href=\"https:\/\/coudoux-velaux-la-fare-volley-ball.assoconnect.com\/collect\/description\/447722-n-adhesion-saison-2024-2025\">Pour acc\u00e9der au formulaire d&rsquo;adh\u00e9sion de AssoConnect, cliquez sur ce QR Code ou simplement scannez le !<\/a><\/p>\n\n\n\n<figure class=\"wp-block-image size-full\"><a href=\"https:\/\/coudoux-velaux-la-fare-volley-ball.assoconnect.com\/collect\/description\/447722-n-adhesion-saison-2024-2025\"><img decoding=\"async\" loading=\"lazy\" width=\"200\" height=\"200\" src=\"http:\/\/cvf-volleyball.fr\/wp-content\/uploads\/2024\/08\/qrcode_2425.png\" alt=\"\" class=\"wp-image-2193\" srcset=\"https:\/\/cvf-volleyball.fr\/wp-content\/uploads\/2024\/08\/qrcode_2425.png 200w, https:\/\/cvf-volleyball.fr\/wp-content\/uploads\/2024\/08\/qrcode_2425-150x150.png 150w, https:\/\/cvf-volleyball.fr\/wp-content\/uploads\/2024\/08\/qrcode_2425-65x65.png 65w\" sizes=\"(max-width: 200px) 100vw, 200px\" \/><\/a><\/figure>\n\n\n","protected":false},"excerpt":{"rendered":"<p>Comme l&rsquo;ann\u00e9e derni\u00e8re ann\u00e9e, le club met en place une proc\u00e9dure d\u2019adh\u00e9sion digitalis\u00e9e sur le site AssoConnect. Cela nous permettra d&rsquo;avoir une base de donn\u00e9e de nos adh\u00e9rents que vous serez vous-m\u00eame en mesure de mettre \u00e0 jour en cas d&rsquo;\u00e9volution de vos donn\u00e9es personnelles. Nous avons mis en place 2 formulaires, un pour les [&hellip;]<\/p>\n","protected":false},"author":2,"featured_media":0,"parent":8,"menu_order":50,"comment_status":"closed","ping_status":"closed","template":"","meta":{"footnotes":""},"_links":{"self":[{"href":"https:\/\/cvf-volleyball.fr\/index.php\/wp-json\/wp\/v2\/pages\/21"}],"collection":[{"href":"https:\/\/cvf-volleyball.fr\/index.php\/wp-json\/wp\/v2\/pages"}],"about":[{"href":"https:\/\/cvf-volleyball.fr\/index.php\/wp-json\/wp\/v2\/types\/page"}],"author":[{"embeddable":true,"href":"https:\/\/cvf-volleyball.fr\/index.php\/wp-json\/wp\/v2\/users\/2"}],"replies":[{"embeddable":true,"href":"https:\/\/cvf-volleyball.fr\/index.php\/wp-json\/wp\/v2\/comments?post=21"}],"version-history":[{"count":24,"href":"https:\/\/cvf-volleyball.fr\/index.php\/wp-json\/wp\/v2\/pages\/21\/revisions"}],"predecessor-version":[{"id":2194,"href":"https:\/\/cvf-volleyball.fr\/index.php\/wp-json\/wp\/v2\/pages\/21\/revisions\/2194"}],"up":[{"embeddable":true,"href":"https:\/\/cvf-volleyball.fr\/index.php\/wp-json\/wp\/v2\/pages\/8"}],"wp:attachment":[{"href":"https:\/\/cvf-volleyball.fr\/index.php\/wp-json\/wp\/v2\/media?parent=21"}],"curies":[{"name":"wp","href":"https:\/\/api.w.org\/{rel}","templated":true}]}}