{"id":36,"date":"2016-09-11T19:02:42","date_gmt":"2016-09-11T18:02:42","guid":{"rendered":"http:\/\/cvf-volleyball.fr\/?page_id=36"},"modified":"2024-08-22T20:23:32","modified_gmt":"2024-08-22T19:23:32","slug":"horaires-dentrainement","status":"publish","type":"page","link":"https:\/\/cvf-volleyball.fr\/index.php\/le-club\/horaires-dentrainement\/","title":{"rendered":"Horaires des Entra\u00eenements"},"content":{"rendered":"<table style=\"height: 80px;\" width=\"777\">\n<tbody>\n<tr>\n<td>Cat\u00e9gorie<\/td>\n<td>Baby (M5)<\/td>\n<td>Pitchoun<\/td>\n<td>M11<\/td>\n<td>M13<\/td>\n<td>M15<\/td>\n<td>M18<\/td>\n<\/tr>\n<tr>\n<td>Naissance<\/td>\n<td>2020-2018<\/td>\n<td>2017-2015<\/td>\n<td>2014-2013<\/td>\n<td>2012-2011<\/td>\n<td>2010-2009<\/td>\n<td>2007-2006<\/td>\n<\/tr>\n<\/tbody>\n<\/table>\n<h3>\u00a0<\/h3>\n<h3><span style=\"color: #0000ff;\"><strong>Planning V4 (Mise \u00e0 jour du 10\/09\/2023)<\/strong><strong><br \/><\/strong><\/span><\/h3>\n<p><img decoding=\"async\" loading=\"lazy\" class=\"alignnone wp-image-2183 size-full\" src=\"http:\/\/cvf-volleyball.fr\/wp-content\/uploads\/2023\/09\/Screenshot_20230910-140640_Drive.png\" alt=\"\" width=\"1022\" height=\"1495\" srcset=\"https:\/\/cvf-volleyball.fr\/wp-content\/uploads\/2023\/09\/Screenshot_20230910-140640_Drive.png 1022w, https:\/\/cvf-volleyball.fr\/wp-content\/uploads\/2023\/09\/Screenshot_20230910-140640_Drive-300x439.png 300w, https:\/\/cvf-volleyball.fr\/wp-content\/uploads\/2023\/09\/Screenshot_20230910-140640_Drive-700x1024.png 700w, https:\/\/cvf-volleyball.fr\/wp-content\/uploads\/2023\/09\/Screenshot_20230910-140640_Drive-768x1123.png 768w\" sizes=\"(max-width: 1022px) 100vw, 1022px\" \/><\/p>\n<div class=\"m8h3af8h l7ghb35v kjdc1dyq kmwttqpk gh25dzvf n3t5jt4f\">\n<h3 dir=\"auto\">Les dates de reprise sont les suivantes <span class=\"fxk3tzhb b2rh1bv3 gh55jysx m8h3af8h ewco64xe kjdc1dyq ms56khn7 bq6c9xl4 eohcrkr5 akh3l2rg\"><img decoding=\"async\" loading=\"lazy\" src=\"https:\/\/static.xx.fbcdn.net\/images\/emoji.php\/v9\/ta8\/1.5\/16\/1f447.png\" alt=\"&#x1f447;\" width=\"16\" height=\"16\" \/><\/span><\/h3>\n<div dir=\"auto\">Les (r\u00e9)inscriptions se feront en ligne cette ann\u00e9e <span class=\"fxk3tzhb b2rh1bv3 gh55jysx m8h3af8h ewco64xe kjdc1dyq ms56khn7 bq6c9xl4 eohcrkr5 akh3l2rg\"><img decoding=\"async\" loading=\"lazy\" src=\"https:\/\/static.xx.fbcdn.net\/images\/emoji.php\/v9\/te5\/1.5\/16\/1f4bb.png\" alt=\"&#x1f4bb;\" width=\"16\" height=\"16\" \/><\/span><\/div>\n<div dir=\"auto\">(toutes les informations vous seront donn\u00e9es lors des forums des associations, par e-mail \u00e0 tous les adh\u00e9rents et sur cette page d\u00e8s mi-Septembre)<\/div>\n<\/div>\n<ul>\n<li><strong>Baby <\/strong>&#8211; Mardi 12 Septembre<\/li>\n<li><strong>Pitchoun <\/strong>&#8211; Vendredi 8 Septembre<\/li>\n<li><strong>M11 <\/strong>&#8211; Lundi 4 Septembre<\/li>\n<li><strong>M13 Filles<\/strong> &#8211; Mardi 5 Septembre<\/li>\n<li><strong>M13 Gar\u00e7ons<\/strong> &#8211; Mercredi 6 Septembre<\/li>\n<li><strong>M15 Filles<\/strong> &#8211; Lundi 28 Ao\u00fbt<\/li>\n<li><strong>M18 Filles <\/strong>&#8211; Lundi 4 Septembre<\/li>\n<li><strong>S\u00e9nior et M18 gar\u00e7ons d\u00e9part. <\/strong>&#8211; Lundi 4 Septembre<\/li>\n<li><strong>Loisirs <\/strong>&#8211; Lundi 28 Ao\u00fbt<\/li>\n<li><strong>UFOLEP Filles <\/strong>&#8211; Mercredi 6 Septembre<\/li>\n<li><strong>UFOLEP Gar\u00e7ons<\/strong> &#8211; Lundi 28 Ao\u00fbt<\/li>\n<li><strong>Fitvolley <\/strong>&#8211; Mardi 12 Septembre<\/li>\n<li><strong>R\u00e9gionales Filles <\/strong>&#8211; Lundi 28 Ao\u00fbt<\/li>\n<li><strong>National 3 <\/strong>&#8211; Vendredi 25 Ao\u00fbt<\/li>\n<\/ul>\n<p>La localisation des gymnases A. Camus, P. Centaro, J. Fernandez, Saint Exupery et La Bastide-Bertin est d\u00e9taill\u00e9e sur la page \u00ab<a href=\"http:\/\/cvf-volleyball.fr\/index.php\/le-club\/gymnases\/\">Contact &amp; Gymnases<\/a>\u00bb.<\/p>\n\n\n<p><\/p>\n","protected":false},"excerpt":{"rendered":"<p>Cat\u00e9gorie Baby (M5) Pitchoun M11 M13 M15 M18 Naissance 2020-2018 2017-2015 2014-2013 2012-2011 2010-2009 2007-2006 \u00a0 Planning V4 (Mise \u00e0 jour du 10\/09\/2023) Les dates de reprise sont les suivantes Les (r\u00e9)inscriptions se feront en ligne cette ann\u00e9e (toutes les informations vous seront donn\u00e9es lors des forums des associations, par e-mail \u00e0 tous les adh\u00e9rents [&hellip;]<\/p>\n","protected":false},"author":2,"featured_media":0,"parent":8,"menu_order":30,"comment_status":"closed","ping_status":"closed","template":"","meta":{"footnotes":""},"_links":{"self":[{"href":"https:\/\/cvf-volleyball.fr\/index.php\/wp-json\/wp\/v2\/pages\/36"}],"collection":[{"href":"https:\/\/cvf-volleyball.fr\/index.php\/wp-json\/wp\/v2\/pages"}],"about":[{"href":"https:\/\/cvf-volleyball.fr\/index.php\/wp-json\/wp\/v2\/types\/page"}],"author":[{"embeddable":true,"href":"https:\/\/cvf-volleyball.fr\/index.php\/wp-json\/wp\/v2\/users\/2"}],"replies":[{"embeddable":true,"href":"https:\/\/cvf-volleyball.fr\/index.php\/wp-json\/wp\/v2\/comments?post=36"}],"version-history":[{"count":38,"href":"https:\/\/cvf-volleyball.fr\/index.php\/wp-json\/wp\/v2\/pages\/36\/revisions"}],"predecessor-version":[{"id":2184,"href":"https:\/\/cvf-volleyball.fr\/index.php\/wp-json\/wp\/v2\/pages\/36\/revisions\/2184"}],"up":[{"embeddable":true,"href":"https:\/\/cvf-volleyball.fr\/index.php\/wp-json\/wp\/v2\/pages\/8"}],"wp:attachment":[{"href":"https:\/\/cvf-volleyball.fr\/index.php\/wp-json\/wp\/v2\/media?parent=36"}],"curies":[{"name":"wp","href":"https:\/\/api.w.org\/{rel}","templated":true}]}}