{"id":605,"date":"2016-10-27T11:06:22","date_gmt":"2016-10-27T10:06:22","guid":{"rendered":"http:\/\/cvf-volleyball.fr\/?page_id=605"},"modified":"2022-10-05T23:14:45","modified_gmt":"2022-10-05T22:14:45","slug":"senior-feminin","status":"publish","type":"page","link":"https:\/\/cvf-volleyball.fr\/index.php\/les-equipes\/senior-feminin\/","title":{"rendered":"Nationale 3 S\u00e9nior F\u00e9minin"},"content":{"rendered":"<div id=\"pl-605\"  class=\"panel-layout\" ><div id=\"pg-605-0\"  class=\"panel-grid panel-no-style\" ><div id=\"pgc-605-0-0\"  class=\"panel-grid-cell\" ><div id=\"panel-605-0-0-0\" class=\"so-panel widget widget_sow-editor panel-first-child\" data-index=\"0\" ><div\n\t\t\t\n\t\t\tclass=\"so-widget-sow-editor so-widget-sow-editor-base\"\n\t\t\t\n\t\t>\n<div class=\"siteorigin-widget-tinymce textwidget\">\n\t<h3><span style=\"color: #0000ff;\"><img decoding=\"async\" loading=\"lazy\" class=\"alignnone wp-image-2061\" src=\"http:\/\/cvf-volleyball.fr\/wp-content\/uploads\/2022\/10\/2022-N3F.jpg\" alt=\"\" width=\"1000\" height=\"750\" srcset=\"https:\/\/cvf-volleyball.fr\/wp-content\/uploads\/2022\/10\/2022-N3F.jpg 993w, https:\/\/cvf-volleyball.fr\/wp-content\/uploads\/2022\/10\/2022-N3F-300x225.jpg 300w, https:\/\/cvf-volleyball.fr\/wp-content\/uploads\/2022\/10\/2022-N3F-768x576.jpg 768w, https:\/\/cvf-volleyball.fr\/wp-content\/uploads\/2022\/10\/2022-N3F-320x240.jpg 320w\" sizes=\"(max-width: 1000px) 100vw, 1000px\" \/><\/span><\/h3>\n<h3><span style=\"color: #0000ff;\">Entra\u00eeneur :<\/span> <strong>Maxime &amp; Jos\u00e9<br \/>\n<\/strong><\/h3>\n<h3><span style=\"color: #0000ff;\">Entra\u00eenements :<\/span><\/h3>\n<ul>\n<li><a href=\"http:\/\/cvf-volleyball.fr\/index.php\/le-club\/horaires-dentrainement\/\">Voir tableau des entra\u00eenements<\/a><\/li>\n<\/ul>\n<h3><span style=\"color: #0000ff;\">Collectif :<\/span><\/h3>\n<\/div>\n<\/div><\/div><div id=\"panel-605-0-0-1\" class=\"so-panel widget widget_master-slider-main-widget master-slider-main-widget\" data-index=\"1\" >\n\t\t<!-- MasterSlider -->\n\t\t<div id=\"P_MS63748192229c4\" class=\"master-slider-parent msl ms-parent-id-9\" style=\"max-width:1200px;\">\n\n\t\t\t\n\t\t\t<!-- MasterSlider Main -->\n\t\t\t<div id=\"MS63748192229c4\" class=\"master-slider ms-skin-light-2\" >\n\t\t\t\t \t\t\t\t \n\t\t\t\t<div  class=\"ms-slide\" data-delay=\"3\" data-fill-mode=\"fit\"  >\n\t\t\t\t\t<img src=\"http:\/\/cvf-volleyball.fr\/wp-content\/plugins\/master-slider\/public\/assets\/css\/blank.gif\" alt=\"\" title=\"\" data-src=\"http:\/\/cvf-volleyball.fr\/wp-content\/uploads\/2022\/10\/01-Lou-Anne-Passeuse.jpg\" \/>\n\n\t\t\t\t\t<div class=\"ms-info\"><h2>#01 Lou-Anne 15ans<\/h2><div class=\"x11i5rnm xat24cr x1mh8g0r x1vvkbs xtlvy1s x126k92a\"><div dir=\"auto\">Taille : 167 cm<\/div><div dir=\"auto\">Poste : passeuse<\/div>Form\u00e9e au club<\/div><\/div>\n\n\n\t<div class=\"ms-thumb\" ><div class=\"ms-tab-context\"><div class=&quot;ms-tab-context&quot;><\/div><\/div>\n<\/div>\n\t\t\t\t<\/div>\n\t\t\t\t<div  class=\"ms-slide\" data-delay=\"3\" data-fill-mode=\"fit\"  >\n\t\t\t\t\t<img src=\"http:\/\/cvf-volleyball.fr\/wp-content\/plugins\/master-slider\/public\/assets\/css\/blank.gif\" alt=\"\" title=\"\" data-src=\"http:\/\/cvf-volleyball.fr\/wp-content\/uploads\/2022\/10\/02-Nola-R4.jpg\" \/>\n\n\t\t\t\t\t<div class=\"ms-info\"><div class=\"x11i5rnm xat24cr x1mh8g0r x1vvkbs xtlvy1s x126k92a\"><h2 dir=\"auto\">#02 Nola 15 ans<\/h2><div dir=\"auto\">Taille : 173 cm<\/div><div dir=\"auto\">Poste : R4<\/div><div dir=\"auto\">\u00c9tudes : lyc\u00e9e<\/div><\/div><div class=\"x11i5rnm xat24cr x1mh8g0r x1vvkbs xtlvy1s x126k92a\"><div dir=\"auto\">Form\u00e9e au club<\/div><\/div><\/div>\n\n\n\t<div class=\"ms-thumb\" ><div class=\"ms-tab-context\"><div class=&quot;ms-tab-context&quot;><\/div><\/div>\n<\/div>\n\t\t\t\t<\/div>\n\t\t\t\t<div  class=\"ms-slide\" data-delay=\"3\" data-fill-mode=\"fit\"  >\n\t\t\t\t\t<img src=\"http:\/\/cvf-volleyball.fr\/wp-content\/plugins\/master-slider\/public\/assets\/css\/blank.gif\" alt=\"\" title=\"\" data-src=\"http:\/\/cvf-volleyball.fr\/wp-content\/uploads\/2022\/10\/03-Aude-Libero.jpg\" \/>\n\n\t\t\t\t\t<div class=\"ms-info\"><div class=\"\" dir=\"auto\"><div id=\"jsc_c_437\" class=\"x1iorvi4 x1pi30zi x1l90r2v x1swvt13\" data-ad-comet-preview=\"message\" data-ad-preview=\"message\"><div class=\"x78zum5 xdt5ytf xz62fqu x16ldp7u\"><div class=\"xu06os2 x1ok221b\"><div class=\"xdj266r x11i5rnm xat24cr x1mh8g0r x1vvkbs x126k92a\"><h2 dir=\"auto\">#03 Aude 37 ans<\/h2><\/div><div class=\"x11i5rnm xat24cr x1mh8g0r x1vvkbs xtlvy1s x126k92a\"><div dir=\"auto\">Taille: 1m70<br \/>Poste: Lib\u00e9ro<br \/>La passion du volley depuis mes 12 ans.<\/div><\/div><div class=\"x11i5rnm xat24cr x1mh8g0r x1vvkbs xtlvy1s x126k92a\"><div dir=\"auto\">Issue d\u2019une famille lyonnaise de volleyeurs.<\/div><\/div><div class=\"x11i5rnm xat24cr x1mh8g0r x1vvkbs xtlvy1s x126k92a\"><div dir=\"auto\">Mari\u00e9e, 2 filles, form\u00e9e libero en N2 \u00e0 Marignane pour la mont\u00e9e en \u00c9lite.<\/div><\/div><div class=\"x11i5rnm xat24cr x1mh8g0r x1vvkbs xtlvy1s x126k92a\"><div dir=\"auto\">\u00a0<\/div><\/div><\/div><\/div><\/div><\/div><\/div>\n\n\n\t<div class=\"ms-thumb\" ><div class=\"ms-tab-context\"><div class=&quot;ms-tab-context&quot;><\/div><\/div>\n<\/div>\n\t\t\t\t<\/div>\n\t\t\t\t<div  class=\"ms-slide\" data-delay=\"3\" data-fill-mode=\"fit\"  >\n\t\t\t\t\t<img src=\"http:\/\/cvf-volleyball.fr\/wp-content\/plugins\/master-slider\/public\/assets\/css\/blank.gif\" alt=\"\" title=\"\" data-src=\"http:\/\/cvf-volleyball.fr\/wp-content\/uploads\/2022\/10\/05-Manon-R4.jpg\" \/>\n\n\t\t\t\t\t<div class=\"ms-info\"><div class=\"x11i5rnm xat24cr x1mh8g0r x1vvkbs xtlvy1s x126k92a\"><h2 dir=\"auto\">#05 Manon 17 ans<\/h2><div dir=\"auto\">Taille : 170 cm<\/div><div dir=\"auto\">Poste : Attaquante<br \/>Ancien club: PAVVB<\/div><\/div><div class=\"x11i5rnm xat24cr x1mh8g0r x1vvkbs xtlvy1s x126k92a\"><div dir=\"auto\">\u00c9tant au club depuis 2 ans<\/div><\/div><\/div>\n\n\n\t<div class=\"ms-thumb\" ><div class=\"ms-tab-context\"><div class=&quot;ms-tab-context&quot;><\/div><\/div>\n<\/div>\n\t\t\t\t<\/div>\n\t\t\t\t<div  class=\"ms-slide\" data-delay=\"3\" data-fill-mode=\"fit\"  >\n\t\t\t\t\t<img src=\"http:\/\/cvf-volleyball.fr\/wp-content\/plugins\/master-slider\/public\/assets\/css\/blank.gif\" alt=\"\" title=\"\" data-src=\"http:\/\/cvf-volleyball.fr\/wp-content\/uploads\/2022\/10\/07-Caroline-R4.jpg\" \/>\n\n\t\t\t\t\t<div class=\"ms-info\"><div class=\"x11i5rnm xat24cr x1mh8g0r x1vvkbs xtlvy1s x126k92a\"><h2 dir=\"auto\">#07 Caroline 38 ans<\/h2><div dir=\"auto\">Taille : 1m75<\/div><div dir=\"auto\">Poste : R4<\/div><div dir=\"auto\">Anciens clubs : Marignane, Venelles, Istres, Lys les lannois, Cysoing<\/div><div dir=\"auto\">Profession : agent immobilier ind\u00e9pendant<\/div><\/div><div class=\"x11i5rnm xat24cr x1mh8g0r x1vvkbs xtlvy1s x126k92a\">Au club depuis 3ans<\/div><\/div>\n\n\n\t<div class=\"ms-thumb\" ><div class=\"ms-tab-context\"><div class=&quot;ms-tab-context&quot;><\/div><\/div>\n<\/div>\n\t\t\t\t<\/div>\n\t\t\t\t<div  class=\"ms-slide\" data-delay=\"3\" data-fill-mode=\"fit\"  >\n\t\t\t\t\t<img src=\"http:\/\/cvf-volleyball.fr\/wp-content\/plugins\/master-slider\/public\/assets\/css\/blank.gif\" alt=\"\" title=\"\" data-src=\"http:\/\/cvf-volleyball.fr\/wp-content\/uploads\/2022\/10\/008-Matilda-R4-Pointue.jpg\" \/>\n\n\t\t\t\t\t<div class=\"ms-info\"><div class=\"x11i5rnm xat24cr x1mh8g0r x1vvkbs xtlvy1s x126k92a\"><h2 dir=\"auto\">#08 Matilda 21 ans<\/h2><div dir=\"auto\">taille : 166<\/div><div dir=\"auto\">Poste : R4\/pointue<\/div><div dir=\"auto\">Ancien club : D\u00e9j\u00e0 pr\u00e9sente au club<\/div><div dir=\"auto\">\u00e9tudes : 3 \u00e8me ann\u00e9e de Bachelor gestion des ressources humaines en alternance<\/div><\/div><\/div>\n\n\n\t<div class=\"ms-thumb\" ><div class=\"ms-tab-context\"><div class=&quot;ms-tab-context&quot;><\/div><\/div>\n<\/div>\n\t\t\t\t<\/div>\n\t\t\t\t<div  class=\"ms-slide\" data-delay=\"3\" data-fill-mode=\"fit\"  >\n\t\t\t\t\t<img src=\"http:\/\/cvf-volleyball.fr\/wp-content\/plugins\/master-slider\/public\/assets\/css\/blank.gif\" alt=\"\" title=\"\" data-src=\"http:\/\/cvf-volleyball.fr\/wp-content\/uploads\/2022\/10\/09-Cecilia-Centrale-Pointue.jpg\" \/>\n\n\t\t\t\t\t<div class=\"ms-info\"><div class=\"x11i5rnm xat24cr x1mh8g0r x1vvkbs xtlvy1s x126k92a\"><h2 dir=\"auto\">#09 C\u00e9cilia\u00a018 ans<\/h2><div dir=\"auto\">Taille : 171 cm<\/div><div dir=\"auto\">Poste : centrale maissss futur centre\/pointe<\/div><div dir=\"auto\">\u00c9tude : BTS esth\u00e9tique<\/div><\/div><div class=\"x11i5rnm xat24cr x1mh8g0r x1vvkbs xtlvy1s x126k92a\"><div class=\"x11i5rnm xat24cr x1mh8g0r x1vvkbs xtlvy1s x126k92a\"><div dir=\"auto\">Ancien club: PAVVB<\/div><\/div><div class=\"x11i5rnm xat24cr x1mh8g0r x1vvkbs xtlvy1s x126k92a\"><div dir=\"auto\">\u00c9tant au club depuis 4 ans<\/div><\/div><\/div><\/div>\n\n\n\t<div class=\"ms-thumb\" ><div class=\"ms-tab-context\"><div class=&quot;ms-tab-context&quot;><\/div><\/div>\n<\/div>\n\t\t\t\t<\/div>\n\t\t\t\t<div  class=\"ms-slide\" data-delay=\"3\" data-fill-mode=\"fit\"  >\n\t\t\t\t\t<img src=\"http:\/\/cvf-volleyball.fr\/wp-content\/plugins\/master-slider\/public\/assets\/css\/blank.gif\" alt=\"\" title=\"\" data-src=\"http:\/\/cvf-volleyball.fr\/wp-content\/uploads\/2022\/11\/10-Pauline-Pointue.jpg\" \/>\n\n\t\t\t\t\t<div class=\"ms-info\"><div class=\"x11i5rnm xat24cr x1mh8g0r x1vvkbs xtlvy1s x126k92a\"><h2 dir=\"auto\">#10 Pauline\u00a027 ans<\/h2><div dir=\"auto\">Taille : 171 cm<\/div><div dir=\"auto\">Poste : Centrale<\/div><div dir=\"auto\">Ancien club : Velaux, Bouc Bel Air<\/div><div dir=\"auto\">Travail : g\u00e9rante de la salle de Crossfit \u00e0 Eguilles (Crossfit Aguio)<\/div><\/div><div class=\"x11i5rnm xat24cr x1mh8g0r x1vvkbs xtlvy1s x126k92a\"><div dir=\"auto\">C\u2019est le club de Velaux qui m\u2019a initi\u00e9 au volley et m\u2019a transmis cette passion quand j\u2019avais 11 ans !<\/div>De retour au club en 2022<\/div><\/div>\n\n\n\t<div class=\"ms-thumb\" ><div class=\"ms-tab-context\"><div class=&quot;ms-tab-context&quot;><\/div><\/div>\n<\/div>\n\t\t\t\t<\/div>\n\t\t\t\t<div  class=\"ms-slide\" data-delay=\"3\" data-fill-mode=\"fit\"  >\n\t\t\t\t\t<img src=\"http:\/\/cvf-volleyball.fr\/wp-content\/plugins\/master-slider\/public\/assets\/css\/blank.gif\" alt=\"\" title=\"\" data-src=\"http:\/\/cvf-volleyball.fr\/wp-content\/uploads\/2022\/10\/11-Manon-Passeuse.jpg\" \/>\n\n\t\t\t\t\t<div class=\"ms-info\"><div class=\"x11i5rnm xat24cr x1mh8g0r x1vvkbs xtlvy1s x126k92a\"><h1 dir=\"auto\">#11 Manon 21 ans<\/h1><div dir=\"auto\">Taille : 168 cm<\/div><div dir=\"auto\">Poste : Passeuse<\/div><div dir=\"auto\">Ancien club : PAVVB, AUC13VB<br \/>Arriv\u00e9e au club en 2022<\/div><\/div><\/div>\n\n\n\t<div class=\"ms-thumb\" ><div class=\"ms-tab-context\"><div class=&quot;ms-tab-context&quot;><\/div><\/div>\n<\/div>\n\t\t\t\t<\/div>\n\t\t\t\t<div  class=\"ms-slide\" data-delay=\"3\" data-fill-mode=\"fit\"  >\n\t\t\t\t\t<img src=\"http:\/\/cvf-volleyball.fr\/wp-content\/plugins\/master-slider\/public\/assets\/css\/blank.gif\" alt=\"\" title=\"\" data-src=\"http:\/\/cvf-volleyball.fr\/wp-content\/uploads\/2022\/10\/14-Lucie-Centrale.jpg\" \/>\n\n\t\t\t\t\t<div class=\"ms-info\"><div class=\"x11i5rnm xat24cr x1mh8g0r x1vvkbs xtlvy1s x126k92a\"><h2 dir=\"auto\">#14 Lucie\u00a023 ans<\/h2><div dir=\"auto\">Taille : 178 cm<\/div><div dir=\"auto\">Poste : Centrale<\/div><div dir=\"auto\">Ancien club : Puygouzon (81 Tarn)<\/div><div dir=\"auto\">\u00c9tudes : Master II \u00e0 l\u2019Institut d\u2019Urbanisme et d\u2019Am\u00e9nagement R\u00e9gional d\u2019Aix-en-Provence (IUAR)<\/div><\/div><div class=\"x11i5rnm xat24cr x1mh8g0r x1vvkbs xtlvy1s x126k92a\">Arriv\u00e9e au club en 2022<\/div><\/div>\n\n\n\t<div class=\"ms-thumb\" ><div class=\"ms-tab-context\"><div class=&quot;ms-tab-context&quot;><\/div><\/div>\n<\/div>\n\t\t\t\t<\/div>\n\t\t\t\t<div  class=\"ms-slide\" data-delay=\"3\" data-fill-mode=\"fit\"  >\n\t\t\t\t\t<img src=\"http:\/\/cvf-volleyball.fr\/wp-content\/plugins\/master-slider\/public\/assets\/css\/blank.gif\" alt=\"\" title=\"\" data-src=\"http:\/\/cvf-volleyball.fr\/wp-content\/uploads\/2022\/10\/15-Julie-Libero.jpg\" \/>\n\n\t\t\t\t\t<div class=\"ms-info\"><div class=\"x11i5rnm xat24cr x1mh8g0r x1vvkbs xtlvy1s x126k92a\"><h2 dir=\"auto\">#15 Julie 24 ans<\/h2><div dir=\"auto\">Taille : 1m64<\/div><div dir=\"auto\">Poste : lib\u00e9ro<\/div><div dir=\"auto\">Ancien club : P\u00e9rigny Volleyball<\/div><\/div><div class=\"x11i5rnm xat24cr x1mh8g0r x1vvkbs xtlvy1s x126k92a\">Arriv\u00e9e au club en 2022<\/div><\/div>\n\n\n\t<div class=\"ms-thumb\" ><div class=\"ms-tab-context\"><div class=&quot;ms-tab-context&quot;><\/div><\/div>\n<\/div>\n\t\t\t\t<\/div>\n\t\t\t\t<div  class=\"ms-slide\" data-delay=\"3\" data-fill-mode=\"fit\"  >\n\t\t\t\t\t<img src=\"http:\/\/cvf-volleyball.fr\/wp-content\/plugins\/master-slider\/public\/assets\/css\/blank.gif\" alt=\"\" title=\"\" data-src=\"http:\/\/cvf-volleyball.fr\/wp-content\/uploads\/2022\/10\/19-Chloe-R4.jpg\" \/>\n\n\t\t\t\t\t<div class=\"ms-info\"><div class=\"x11i5rnm xat24cr x1mh8g0r x1vvkbs xtlvy1s x126k92a\"><h2 dir=\"auto\">#19 Chlo\u00e9\u00a020 ans<\/h2><div dir=\"auto\">Ancien club :CVFVB,\u00a0 VSVB<\/div><\/div><div class=\"x11i5rnm xat24cr x1mh8g0r x1vvkbs xtlvy1s x126k92a\"><div dir=\"auto\">Ahlala mon club de c\u0153ur ! Comme on se retrouve !<\/div>De retour au club en 2022<\/div><\/div>\n\n\n\t<div class=\"ms-thumb\" ><div class=\"ms-tab-context\"><div class=&quot;ms-tab-context&quot;><\/div><\/div>\n<\/div>\n\t\t\t\t<\/div>\n\t\t\t\t<div  class=\"ms-slide\" data-delay=\"3\" data-fill-mode=\"fit\"  >\n\t\t\t\t\t<img src=\"http:\/\/cvf-volleyball.fr\/wp-content\/plugins\/master-slider\/public\/assets\/css\/blank.gif\" alt=\"\" title=\"\" data-src=\"http:\/\/cvf-volleyball.fr\/wp-content\/uploads\/2022\/10\/20-Claire-Pointue.jpg\" \/>\n\n\t\t\t\t\t<div class=\"ms-info\"><h2 class=\"x11i5rnm xat24cr x1mh8g0r x1vvkbs xtlvy1s x126k92a\">#20 Claire 22ans<br \/><br \/><\/h2><div class=\"x11i5rnm xat24cr x1mh8g0r x1vvkbs xtlvy1s x126k92a\"><div dir=\"auto\">\u00c9tudiante en 3\u00e8me ann\u00e9e d'ost\u00e9opathie au Coll\u00e8ge Ost\u00e9opathique de Provence Aix-Marseille<\/div><div dir=\"auto\">De retour au club en 2021<\/div><\/div><\/div>\n\n\n\t<div class=\"ms-thumb\" ><div class=\"ms-tab-context\"><div class=&quot;ms-tab-context&quot;><\/div><\/div>\n<\/div>\n\t\t\t\t<\/div>\n\t\t\t\t<div  class=\"ms-slide\" data-delay=\"3\" data-fill-mode=\"fit\"  >\n\t\t\t\t\t<img src=\"http:\/\/cvf-volleyball.fr\/wp-content\/plugins\/master-slider\/public\/assets\/css\/blank.gif\" alt=\"\" title=\"\" data-src=\"http:\/\/cvf-volleyball.fr\/wp-content\/uploads\/2022\/10\/Maxime-Coach.jpg\" \/>\n\n\t\t\t\t\t<div class=\"ms-info\"><h2>Maxime<\/h2><br \/>Poste: Coach<\/div>\n\n\n\t<div class=\"ms-thumb\" ><div class=\"ms-tab-context\"><div class=&quot;ms-tab-context&quot;><\/div><\/div>\n<\/div>\n\t\t\t\t<\/div>\n\t\t\t\t<div  class=\"ms-slide\" data-delay=\"3\" data-fill-mode=\"fit\"  >\n\t\t\t\t\t<img src=\"http:\/\/cvf-volleyball.fr\/wp-content\/plugins\/master-slider\/public\/assets\/css\/blank.gif\" alt=\"\" title=\"\" data-src=\"http:\/\/cvf-volleyball.fr\/wp-content\/uploads\/2022\/10\/Jose-Coach-Adjoint.jpg\" \/>\n\n\t\t\t\t\t<div class=\"ms-info\"><h2>Jos\u00e9<\/h2><br \/>Poste: Coach adjoint<\/div>\n\n\n\t<div class=\"ms-thumb\" ><div class=\"ms-tab-context\"><div class=&quot;ms-tab-context&quot;><\/div><\/div>\n<\/div>\n\t\t\t\t<\/div>\n\n\t\t\t<\/div>\n\t\t\t<!-- END MasterSlider Main -->\n\n\t\t\t \n\t\t<\/div>\n\t\t<!-- END MasterSlider -->\n\n\t\t<script>\n\t\t(function ( $ ) {\n\t\t\t\"use strict\";\n\n\t\t\t$(function () {\n\t\t\t\tvar masterslider_29c4 = new MasterSlider();\n\n\t\t\t\t\/\/ slider controls\n\t\t\t\tmasterslider_29c4.control('arrows'     ,{ autohide:false, overVideo:true  });\t\t\t\tmasterslider_29c4.control('bullets'    ,{ autohide:true, overVideo:true, dir:'h', align:'bottom' , margin:10  });\n\n\t\t\t\tmasterslider_29c4.control('scrollbar'  ,{ autohide:false, overVideo:true, dir:'h', inset:true, align:'top', color:'#3D3D3D' , margin:10  , width:4 });\n\t\t\t\tmasterslider_29c4.control('slideinfo'  ,{ autohide:false, overVideo:true, dir:'v', align:'right',inset:false , margin:10  , size:250 });\n\t\t\t\t\/\/ slider setup\n\t\t\t\tmasterslider_29c4.setup(\"MS63748192229c4\", {\n\t\t\t\t\t\twidth           : 600,\n\t\t\t\t\t\theight          : 480,\n\t\t\t\t\t\tminHeight       : 0,\n\t\t\t\t\t\tspace           : 0,\n\t\t\t\t\t\tstart           : 1,\n\t\t\t\t\t\tgrabCursor      : true,\n\t\t\t\t\t\tswipe           : true,\n\t\t\t\t\t\tmouse           : true,\n\t\t\t\t\t\tlayout          : \"boxed\",\n\t\t\t\t\t\twheel           : false,\n\t\t\t\t\t\tautoplay        : true,\n\t\t\t\t\t\tinstantStartLayers:false,\n\t\t\t\t\t\tloop            : false,\n\t\t\t\t\t\tshuffle         : true,\n\t\t\t\t\t\tpreload         : 0,\n\t\t\t\t\t\theightLimit     : true,\n\t\t\t\t\t\tautoHeight      : false,\n\t\t\t\t\t\tsmoothHeight    : true,\n\t\t\t\t\t\tendPause        : false,\n\t\t\t\t\t\toverPause       : true,\n\t\t\t\t\t\tfillMode        : \"fill\",\n\t\t\t\t\t\tcenterControls  : true,\n\t\t\t\t\t\tstartOnAppear   : false,\n\t\t\t\t\t\tlayersMode      : \"center\",\n\t\t\t\t\t\thideLayers      : false,\n\t\t\t\t\t\tfullscreenMargin: 0,\n\t\t\t\t\t\tspeed           : 20,\n\t\t\t\t\t\tdir             : \"h\",\n\t\t\t\t\t\tparallaxMode    : 'swipe',\n\t\t\t\t\t\tview            : \"basic\"\n\t\t\t\t});\n\n\t\t\t\t\n\t\t\t\twindow.masterslider_instances = window.masterslider_instances || [];\n\t\t\t\twindow.masterslider_instances.push( masterslider_29c4 );\n\t\t\t });\n\n\t\t})(jQuery);\n\t\t<\/script>\n\n<\/div><div id=\"panel-605-0-0-2\" class=\"so-panel widget widget_sow-editor\" data-index=\"2\" ><div\n\t\t\t\n\t\t\tclass=\"so-widget-sow-editor so-widget-sow-editor-base\"\n\t\t\t\n\t\t>\n<div class=\"siteorigin-widget-tinymce textwidget\">\n\t<h3><span style=\"color: #0000ff;\">Championnat :<\/span><\/h3>\n<\/div>\n<\/div><\/div><div id=\"panel-605-0-0-3\" class=\"so-panel widget widget_iframe-loader iframe-loader-widget\" data-index=\"3\" ><script type='text\/javascript'>  \nwindow.onload = document.write(\"<iframe width='100%' height='1500' marginwidth='0' marginheight='0' scrolling='yes' frameborder='0'  src='https:\/\/www.ffvbbeach.org\/ffvbapp\/resu\/vbspo_calendrier.php?saison=2022%2F2023&codent=ABCCS&poule=3FA&calend=COMPLET&equipe=4&x=9&y=8' ><\/iframe> \"); \n <\/script><\/div><div id=\"panel-605-0-0-4\" class=\"so-panel widget widget_sow-editor\" data-index=\"4\" ><div\n\t\t\t\n\t\t\tclass=\"so-widget-sow-editor so-widget-sow-editor-base\"\n\t\t\t\n\t\t>\n<div class=\"siteorigin-widget-tinymce textwidget\">\n\t<ul>\n<li><a href=\"https:\/\/www.ffvbbeach.org\/ffvbapp\/resu\/vbspo_calendrier.php?saison=2022%2F2023&codent=ABCCS&poule=3FA&division=&tour=&calend=COMPLET&x=29&y=12\">Calendrier\/R\u00e9sultats complets<\/a><\/li>\n<\/ul>\n<\/div>\n<\/div><\/div><div id=\"panel-605-0-0-5\" class=\"widget_text so-panel widget widget_custom_html panel-last-child\" data-index=\"5\" ><div class=\"textwidget custom-html-widget\">Nos Partenaires Officiels\n<table >\n\n<tr >\n<td  align=\"center\"><a href=\"https:\/\/www.facebook.com\/profile.php?id=100040198494620\" title=\"Auto \u00e9cole Les 4 Tours\" target=\"_blank\" rel=\"noopener\"><img src=\"http:\/\/cvf-volleyball.fr\/wp-content\/uploads\/2022\/10\/Auto-Ecole-Les4Tours.jpg\" width=\"150\"><br>Auto \u00e9cole Les 4 Tours<\/a><\/td>\n<td  align=\"center\"><a href=\"https:\/\/www.auto-selection.com\/services\/annuaire\/pare-brise\/ava-pare-brise-marseille-13-fiche-983720.php\" title=\"AVA PARE-BRISE\" target=\"_blank\" rel=\"noopener\"><img src=\"http:\/\/cvf-volleyball.fr\/wp-content\/uploads\/2022\/10\/AVA_Pare-brise.png\" width=\"100\"><br>AVA PARE-BRISE<\/a><\/td>\n<td  align=\"center\"><a href=\"https:\/\/smefazur.fr\/\" title=\"SMEF AZUR\" target=\"_blank\" rel=\"noopener\"><img src=\"http:\/\/cvf-volleyball.fr\/wp-content\/uploads\/2022\/10\/SMEF_AZUR-scaled.jpg\" width=\"180\"><br>SMEF AZUR<\/a><\/td>\n<td  align=\"center\"><a href=\"https:\/\/www.facebook.com\/allianz\/\" title=\"Allianz\" target=\"_blank\" rel=\"noopener\"><img src=\"http:\/\/cvf-volleyball.fr\/wp-content\/uploads\/2022\/10\/Allianz.jpg\" width=\"180\"><br>Allianz<\/a><\/td>\n<td  align=\"center\"><a href=\"https:\/\/www.facebook.com\/McDoLaFare\" title=\"McDonald's\" target=\"_blank\" rel=\"noopener\"><img src=\"http:\/\/cvf-volleyball.fr\/wp-content\/uploads\/2022\/10\/Mc-Donald-La-Fare.png\" width=\"100\"><br>McDonald's La Fare<\/a><\/td>\n<\/tr>\n<tr >\n<td  align=\"center\"><a href=\"https:\/\/www.facebook.com\/profile.php?id=100057335153408\" title=\"L'Epicerie de la Place\" target=\"_blank\" rel=\"noopener\"><img src=\"http:\/\/cvf-volleyball.fr\/wp-content\/uploads\/2022\/10\/LEpicerieDeLaPlace.jpg\" width=\"150\"><br>L'Epicerie de la Place<\/a><\/td>\n<td  align=\"center\"><a href=\"https:\/\/www.facebook.com\/GroupeMutualia\/\" title=\"Mutualia\" target=\"_blank\" rel=\"noopener\"><img src=\"http:\/\/cvf-volleyball.fr\/wp-content\/uploads\/2022\/10\/Mutualia.png\" width=\"150\"><br>Mutualia<\/a><\/td>\n<td  align=\"center\"><a href=\"http:\/\/fimtex.fr\/\" title=\"Fimtex\" target=\"_blank\" rel=\"noopener\"><img src=\"http:\/\/cvf-volleyball.fr\/wp-content\/uploads\/2016\/10\/fimtex-525x525.png\" width=\"100\"><br>Fimtex<\/a><\/td>\n<td  align=\"center\"><a href=\"https:\/\/www.groupe-interway.fr\/\" title=\"Interway\" target=\"_blank\" rel=\"noopener\"><img src=\"http:\/\/cvf-volleyball.fr\/wp-content\/uploads\/2019\/08\/Interway.png\" width=\"100\"><br>Interway<\/a><\/td>\n<td  align=\"center\"><a href=\"http:\/\/www.tw-voyages.com\/index.php\" title=\"TW Voyages\" target=\"_blank\" rel=\"noopener\"><img src=\"http:\/\/cvf-volleyball.fr\/wp-content\/uploads\/2019\/08\/TW_Voyages.png\" width=\"100\"><br>TW Voyages<\/a><\/td>\n<\/tr>\n<\/table><\/div><\/div><\/div><\/div><\/div>","protected":false},"excerpt":{"rendered":"<p>Entra\u00eeneur : Maxime &amp; Jos\u00e9 Entra\u00eenements : Voir tableau des entra\u00eenements Collectif : Championnat : Calendrier\/R\u00e9sultats complets<\/p>\n","protected":false},"author":2,"featured_media":0,"parent":16,"menu_order":2,"comment_status":"closed","ping_status":"closed","template":"","meta":{"footnotes":""},"_links":{"self":[{"href":"https:\/\/cvf-volleyball.fr\/index.php\/wp-json\/wp\/v2\/pages\/605"}],"collection":[{"href":"https:\/\/cvf-volleyball.fr\/index.php\/wp-json\/wp\/v2\/pages"}],"about":[{"href":"https:\/\/cvf-volleyball.fr\/index.php\/wp-json\/wp\/v2\/types\/page"}],"author":[{"embeddable":true,"href":"https:\/\/cvf-volleyball.fr\/index.php\/wp-json\/wp\/v2\/users\/2"}],"replies":[{"embeddable":true,"href":"https:\/\/cvf-volleyball.fr\/index.php\/wp-json\/wp\/v2\/comments?post=605"}],"version-history":[{"count":86,"href":"https:\/\/cvf-volleyball.fr\/index.php\/wp-json\/wp\/v2\/pages\/605\/revisions"}],"predecessor-version":[{"id":2118,"href":"https:\/\/cvf-volleyball.fr\/index.php\/wp-json\/wp\/v2\/pages\/605\/revisions\/2118"}],"up":[{"embeddable":true,"href":"https:\/\/cvf-volleyball.fr\/index.php\/wp-json\/wp\/v2\/pages\/16"}],"wp:attachment":[{"href":"https:\/\/cvf-volleyball.fr\/index.php\/wp-json\/wp\/v2\/media?parent=605"}],"curies":[{"name":"wp","href":"https:\/\/api.w.org\/{rel}","templated":true}]}}